{"id":1758,"date":"2024-02-24T11:17:08","date_gmt":"2024-02-24T10:17:08","guid":{"rendered":"https:\/\/ateliercetus.com\/?page_id=1758"},"modified":"2024-03-11T13:38:34","modified_gmt":"2024-03-11T12:38:34","slug":"1758-2","status":"publish","type":"page","link":"https:\/\/ateliercetus.com\/?page_id=1758","title":{"rendered":"FAQ"},"content":{"rendered":"\n<div class=\" wp-block-cover alignfull eplus-wrapper\"><span aria-hidden=\"true\" class=\"wp-block-cover__background has-background-dim-100 has-background-dim\" style=\"background-color:#243341\"><\/span><div class=\"wp-block-cover__inner-container is-layout-flow wp-block-cover-is-layout-flow\">\n<div class=\" wp-block-columns alignwide eplus-wrapper is-layout-flex wp-container-core-columns-is-layout-1 wp-block-columns-is-layout-flex\">\n<div class=\" wp-block-column eplus-wrapper is-layout-flow wp-block-column-is-layout-flow\">\n<div style=\"height:73px\" aria-hidden=\"true\" class=\" wp-block-spacer eplus-wrapper\"><\/div>\n\n\n<style type=\"text\/css\"><\/style><section id='' class='helpie-faq accordions faq-toggle custom-styles groupSettings-5__enabled ' data-collection='' data-pagination='0' data-search='0' data-pagination-enabled='0'><h2 class=\"collection-title\">FAQ<\/h2><form class=\"search\" onSubmit=\"return false;\"><div class=\"search__wrapper\"><input type=\"text\" class=\"search__input\" placeholder=\"Rechercher dans la FAQ\"><span class=\"search__icon\"><svg class=\"svg-icon--search\" role=\"img\" xmlns=\"http:\/\/www.w3.org\/2000\/svg\" viewBox=\"0 0 22 22\">\r\n                        <g fill=\"none\" stroke=\"#171717\">\r\n                            <path stroke-linecap=\"square\" stroke-width=\"2\" d=\"M18.5 18.3l-5.4-5.4\"\/>\r\n                            <circle cx=\"8\" cy=\"8\" r=\"7\" stroke-width=\"2\"\/>\r\n                        <\/g>\r\n                    <\/svg><\/span><\/div><div class=\"search__message\"><\/div><\/form><article class=\"accordion \"><div class='helpie-faq-row'><div class='helpie-faq-col helpie-faq-col-12' ><ul><li class=\"accordion__item \"><div class=\"accordion__header \" data-id=\"post-1720\" data-item=\"hfaq-post-1720\" style=\"background:transparent;\" data-tags=\"\"><div class=\"accordion__title\">Quel est le but du jeu ?<\/div><\/div><div class=\"accordion__body\" style=\"background:transparent;\">Une aventure Cetus, c\u2019est un jeu d\u2019enqu\u00eate grandeur nature qui se joue en \u00e9quipe de 3 \u00e0 6 personnes dans un mus\u00e9e.\r\n\r\nUn \u00e9quipement de jeu vous sera confi\u00e9 au d\u00e9but de l\u2019histoire, vous aurez 75 minutes pour explorer le lieu et lever un myst\u00e8re. Votre \u00e9quipe devra r\u00e9soudre des \u00e9nigmes, manipuler des objets, examiner les \u0153uvres et interroger des personnages pour d\u00e9couvrir une des fins possibles. Enfin, si elle arrive jusque-l\u00e0\u2026\r\n\r\nD\u00e8s votre arriv\u00e9e, un game master (ou ma\u00eetre du jeu) vous accueille. Il vous accompagnera tout au long de la partie, un peu comme un guide. Son r\u00f4le sera surtout de conter le r\u00e9cit, d\u2019incarner les diff\u00e9rents personnages et de vous orienter \u00e0 l\u2019aide d\u2019indices\u2026 Comme dans un escape game\u00a0classique !<\/div><\/li><li class=\"accordion__item \"><div class=\"accordion__header \" data-id=\"post-1722\" data-item=\"hfaq-post-1722\" style=\"background:transparent;\" data-tags=\"\"><div class=\"accordion__title\">Est-ce que c\u2019est un escape game ?<\/div><\/div><div class=\"accordion__body\" style=\"background:transparent;\">Oui\u2026 Non\u00a0!\r\n\r\nCetus propose des exp\u00e9riences immersives\u00a0: pour concevoir nos aventures, nous m\u00e9langeons des m\u00e9caniques d\u2019escape game, de jeu de r\u00f4le et de th\u00e9\u00e2tre interactif.\r\n\r\nNos aventuriers nous comparent souvent aux jeux d\u2019\u00e9vasion car il faut aussi fouiller, manipuler des objets, faire tourner ses m\u00e9ninges\u2026 A un d\u00e9tail pr\u00e8s\u00a0: chez Cetus, tout est 100% authentique\u00a0!\r\n\r\nIci, pas de d\u00e9cor. Vous \u00e9voluez dans un v\u00e9ritable monument, avec de vrais morceaux d\u2019histoire. M\u00eame le scenario est 100%\u00a0v\u00e9ridique : l\u2019enqu\u00eate, les personnages, les myst\u00e8res, tout est tir\u00e9 d\u2019un travail de recherche rigoureux.\r\n\r\n<em>(bon d\u2019accord\u00a0: 90% v\u00e9ridique, comme dans un roman historique\u2026)<\/em><\/div><\/li><li class=\"accordion__item \"><div class=\"accordion__header \" data-id=\"post-1724\" data-item=\"hfaq-post-1724\" style=\"background:transparent;\" data-tags=\"\"><div class=\"accordion__title\">Et si je n\u2019y connais rien en mus\u00e9e ?<\/div><\/div><div class=\"accordion__body\" style=\"background:transparent;\">\u00c7a tombe bien, pas besoin de conna\u00eetre quoi que ce soit pour participer \u00e0 une de nos aventures. \u00c7a pourrait m\u00eame vous aider\u00a0: quand on a des connaissances, c\u2019est parfois plus difficile de regarder\u00a0!\r\n\r\nDans tous les cas, le game master (ma\u00eetre du jeu) est l\u00e0 pour r\u00e9pondre \u00e0 vos questions.<\/div><\/li><li class=\"accordion__item \"><div class=\"accordion__header \" data-id=\"post-1726\" data-item=\"hfaq-post-1726\" style=\"background:transparent;\" data-tags=\"\"><div class=\"accordion__title\">Quelles sont les aventures disponibles ?<\/div><\/div><div class=\"accordion__body\" style=\"background:transparent;\">Le Pilleur de l\u2019Orient est notre premi\u00e8re aventure jouable.\r\n\r\nNotre prochaine aventure vous plongera au c\u0153ur de la Gr\u00e8ce antique, sur les traces de la plus c\u00e9l\u00e8bre des statues. Sa sortie est pr\u00e9vue pour avril 2024.\r\n\r\nToutes les deux se d\u00e9roulent au mus\u00e9e du Louvre.<\/div><\/li><li class=\"accordion__item \"><div class=\"accordion__header \" data-id=\"post-1728\" data-item=\"hfaq-post-1728\" style=\"background:transparent;\" data-tags=\"\"><div class=\"accordion__title\">L\u2019atelier Cetus, c\u2019est quoi ?<\/div><\/div><div class=\"accordion__body\" style=\"background:transparent;\">Cetus est un atelier cr\u00e9atif ind\u00e9pendant sp\u00e9cialis\u00e9 dans les exp\u00e9riences immersives. Nous accompagnons les acteurs et les actrices du tourisme et de la culture pour mettre en r\u00e9cit le patrimoine \u00e0 travers des formats interactifs et authentiques. Cetus invente les nouvelles formes de divertissement mettant les \u00e9motions du public au centre du jeu.<\/div><\/li><li class=\"accordion__item \"><div class=\"accordion__header \" data-id=\"post-1730\" data-item=\"hfaq-post-1730\" style=\"background:transparent;\" data-tags=\"\"><div class=\"accordion__title\">Quelle est la relation de l\u2019atelier Cetus avec les mus\u00e9es ?<\/div><\/div><div class=\"accordion__body\" style=\"background:transparent;\">Un mus\u00e9e, c\u2019est comme une biblioth\u00e8que bien remplie. Si on cherche un livre d\u2019histoire, il y a des super guides-conf\u00e9renciers. Mais si on veut d\u00e9vorer un roman historique, il y a les aventures Cetus.\r\n\r\nM\u00eame si votre exp\u00e9rience n\u2019a rien d\u2019une visite guid\u00e9e, nos formats s\u2019adaptent \u00e0 la r\u00e9glementation des droits de parole et de visite. Pas question de toucher les \u0153uvres par exemple\u2026\r\n\r\nVous \u00eates une institution et vous souhaitez \u00e9merveiller vos publics\u00a0?<a href=\"https:\/\/ateliercetus.com\/?page_id=15\"> Contactez-nous\u00a0!<\/a><\/div><\/li><li class=\"accordion__item \"><div class=\"accordion__header \" data-id=\"post-1731\" data-item=\"hfaq-post-1731\" style=\"background:transparent;\" data-tags=\"\"><div class=\"accordion__title\">Qui peut participer aux aventures Cetus ?<\/div><\/div><div class=\"accordion__body\" style=\"background:transparent;\">Tout le monde\u00a0! Aucune connaissance et aucun effort physique ne vous seront demand\u00e9s.\r\n\r\nPour arriver au bout de l\u2019aventure, vous aurez juste besoin d\u2019un peu d\u2019imagination, de courage et d\u2019un bel esprit d\u2019\u00e9quipe. Vous aimez l\u2019\u00e9vasion et faire tourer vos m\u00e9ninges\u00a0? nos aventures sont faites pour vous.<\/div><\/li><li class=\"accordion__item \"><div class=\"accordion__header \" data-id=\"post-1734\" data-item=\"hfaq-post-1734\" style=\"background:transparent;\" data-tags=\"\"><div class=\"accordion__title\">Les enfants peuvent-ils participer ?<\/div><\/div><div class=\"accordion__body\" style=\"background:transparent;\">Bien s\u00fbr, les aventures Cetus sont accessibles \u00e0 tout \u00e2ge\u00a0! Mais\u2026\r\n\r\nEn dessous de 12 ans, les joueurs doivent obligatoirement \u00eatre accompagn\u00e9s d\u2019au moins un adulte dans leur \u00e9quipe.\r\n\r\nA partir de 15 ans, plus besoin d\u2019\u00eatre accompagn\u00e9 pour participer \u00e0 une aventure.<\/div><\/li><li class=\"accordion__item \"><div class=\"accordion__header \" data-id=\"post-1736\" data-item=\"hfaq-post-1736\" style=\"background:transparent;\" data-tags=\"\"><div class=\"accordion__title\">Combien de joueurs peut-il y avoir par \u00e9quipe ?<\/div><\/div><div class=\"accordion__body\" style=\"background:transparent;\">Les aventures Cetus sont con\u00e7ues pour se jouer \u00e0 3, 4, 5 ou 6 joueurs.<\/div><\/li><li class=\"accordion__item \"><div class=\"accordion__header \" data-id=\"post-1738\" data-item=\"hfaq-post-1738\" style=\"background:transparent;\" data-tags=\"\"><div class=\"accordion__title\">Est-il possible de participer \u00e0 une aventure \u00e0 2 joueurs ?<\/div><\/div><div class=\"accordion__body\" style=\"background:transparent;\">Oui\u2026 Si vous aimez les challenges\u00a0! C\u2019est tout \u00e0 fait possible de r\u00e9server pour 3 joueurs et de tenter de relever le d\u00e9fi.<\/div><\/li><li class=\"accordion__item \"><div class=\"accordion__header \" data-id=\"post-1739\" data-item=\"hfaq-post-1739\" style=\"background:transparent;\" data-tags=\"\"><div class=\"accordion__title\">Est-il possible de participer \u00e0 une aventure \u00e0 plus de 6 joueurs ?<\/div><\/div><div class=\"accordion__body\" style=\"background:transparent;\">Le droit de parole est r\u00e9glement\u00e9 dans les mus\u00e9es, et il est diff\u00e9rent selon les institutions.\r\n\r\nPar exemple pour le Pilleur de l\u2019Orient, il est <strong>absolument impossible<\/strong> de participer \u00e0 plus de 6 joueurs.\r\n\r\nEn revanche, \u00e0 la sortie de nos prochains scenarios, rien ne vous emp\u00eachera de r\u00e9server plusieurs aventures sur le m\u00eame cr\u00e9neau pour venir tous jouer en m\u00eame temps\u00a0!<\/div><\/li><li class=\"accordion__item \"><div class=\"accordion__header \" data-id=\"post-1740\" data-item=\"hfaq-post-1740\" style=\"background:transparent;\" data-tags=\"\"><div class=\"accordion__title\">Peut-on venir jouer \u00e0 plusieurs \u00e9quipes ?<\/div><\/div><div class=\"accordion__body\" style=\"background:transparent;\">Oui, lorsque nos prochains scenarios sortiront. R\u00e9servez sur le m\u00eame cr\u00e9neau horaire, et on s\u2019occuper de tout\u00a0! Notre prochaine aventure sortira en avril 2024.<\/div><\/li><li class=\"accordion__item \"><div class=\"accordion__header \" data-id=\"post-1744\" data-item=\"hfaq-post-1744\" style=\"background:transparent;\" data-tags=\"\"><div class=\"accordion__title\">Combien \u00e7a co\u00fbte ?<\/div><\/div><div class=\"accordion__body\" style=\"background:transparent;\">Le tarif est unique, il est de 90\u20ac par session, c\u2019est-\u00e0-dire\u00a0:\r\n\r\n<strong>15\u20ac<\/strong> par joueur pour un groupe de <strong>6<\/strong> personnes\r\n\r\n<strong>18\u20ac<\/strong> par joueur pour un groupe de<strong> 5<\/strong> personnes\r\n\r\n<strong>22,50\u20ac<\/strong> par joueur pour un groupe de <strong>4 <\/strong>personnes\r\n\r\n<strong>30\u20ac<\/strong> par joueurs pour un groupe de <strong>3 <\/strong>personnes\r\n\r\nLe prix ne comprend pas les entr\u00e9es au mus\u00e9e car selon votre situation, les institutions n\u2019appliquent pas la m\u00eame tarification. Les billets d\u2019entr\u00e9e au mus\u00e9e sont \u00e0 s\u00e9lectionner en option au moment de la r\u00e9servation, selon votre profil.\r\n\r\nPour le mus\u00e9e du Louvre, le prix d\u2019un billet d\u2019entr\u00e9e Plein Tarif individuel est de 22\u20ac. Pour consulter les conditions de gratuit\u00e9\u00a0: <a href=\"https:\/\/www.louvre.fr\/visiter\/horaires-tarifs#conditions-de-gratuite\">https:\/\/www.louvre.fr\/visiter\/horaires-tarifs#conditions-de-gratuite<\/a><\/div><\/li><li class=\"accordion__item \"><div class=\"accordion__header \" data-id=\"post-1745\" data-item=\"hfaq-post-1745\" style=\"background:transparent;\" data-tags=\"\"><div class=\"accordion__title\">Quels sont les moyens de paiement ?<\/div><\/div><div class=\"accordion__body\" style=\"background:transparent;\">Le r\u00e8glement se fait en ligne, par carte bancaire sur notre plateforme s\u00e9curis\u00e9e.<\/div><\/li><li class=\"accordion__item \"><div class=\"accordion__header \" data-id=\"post-1746\" data-item=\"hfaq-post-1746\" style=\"background:transparent;\" data-tags=\"\"><div class=\"accordion__title\">Comment effectuer une r\u00e9servation ?<\/div><\/div><div class=\"accordion__body\" style=\"background:transparent;\">La r\u00e9servation d\u2019une session de jeu se fait sur notre plateforme en ligne\r\n\r\n(1) S\u00e9lectionnez le nombre de participants, puis les billets d\u2019entr\u00e9e au mus\u00e9e dont vous avez besoin.\r\n\r\n<u>Attention\u00a0:<\/u> prenez garde \u00e0 s\u00e9lectionner le bon nombre et la bonne cat\u00e9gorie de billets. En cas de manquement, Cetus ne pourra pas intervenir aupr\u00e8s du mus\u00e9e.\r\n\r\n(2) S\u00e9lectionner la date et l\u2019horaire de votre choix.\r\n\r\nSi vous rencontrez le moindre souci lors de votre r\u00e9servation, n'h\u00e9sitez pas \u00e0 nous contacter.<\/div><\/li><li class=\"accordion__item \"><div class=\"accordion__header \" data-id=\"post-1747\" data-item=\"hfaq-post-1747\" style=\"background:transparent;\" data-tags=\"\"><div class=\"accordion__title\">Peut-on offrir une aventure Cetus en cadeau ?<\/div><\/div><div class=\"accordion__body\" style=\"background:transparent;\">Bien s\u00fbr\u00a0! Nous vous proposons des bons d\u2019achat num\u00e9rique. Simple, \u00e0 l\u2019essentiel.\r\n\r\nEnvoyez-nous un mail, vous recevrez une jolie carte \u00e0 imprimer vous-m\u00eame avec un code de r\u00e9servation.<\/div><\/li><li class=\"accordion__item \"><div class=\"accordion__header \" data-id=\"post-1748\" data-item=\"hfaq-post-1748\" style=\"background:transparent;\" data-tags=\"\"><div class=\"accordion__title\">Faut-il r\u00e9server un billet d\u2019entr\u00e9e au mus\u00e9e ?<\/div><\/div><div class=\"accordion__body\" style=\"background:transparent;\">Pas besoin d\u2019aller sur le site du mus\u00e9e, nous nous occupons de tout.\r\n\r\n<u>Attention<\/u>\u00a0: Veillez \u00e0 s\u00e9lectionner le bon nombre et la bonne cat\u00e9gorie des billets d\u2019entr\u00e9e au mus\u00e9e lors de la r\u00e9servation de votre aventure. En cas de manquement, Cetus ne pourra pas intervenir aupr\u00e8s du mus\u00e9e.<\/div><\/li><li class=\"accordion__item \"><div class=\"accordion__header \" data-id=\"post-1754\" data-item=\"hfaq-post-1754\" style=\"background:transparent;\" data-tags=\"\"><div class=\"accordion__title\">Je b\u00e9n\u00e9ficie de la gratuit\u00e9 au mus\u00e9e<\/div><\/div><div class=\"accordion__body\" style=\"background:transparent;\">Tant mieux, c\u2019est tr\u00e8s sympa les mus\u00e9es (m\u00eame en-dehors des aventures Cetus, on vous assure\u00a0!).\r\n\r\nLors de votre r\u00e9servation, veillez \u00e0 s\u00e9lectionner la bonne cat\u00e9gorie des billets d\u2019entr\u00e9e. Le jour J, n\u2019oubliez pas votre justificatif de gratuit\u00e9\u00a0: en cas de manquement, Cetus ne pourra pas intervenir aupr\u00e8s du mus\u00e9e.<\/div><\/li><li class=\"accordion__item \"><div class=\"accordion__header \" data-id=\"post-1755\" data-item=\"hfaq-post-1755\" style=\"background:transparent;\" data-tags=\"\"><div class=\"accordion__title\">Comment savoir si je b\u00e9n\u00e9ficie de la gratuit\u00e9 au mus\u00e9e ?<\/div><\/div><div class=\"accordion__body\" style=\"background:transparent;\">Selon votre profil et selon le mus\u00e9e, votre billet d\u2019entr\u00e9e n\u2019a pas le m\u00eame prix car les institutions appliquent des tarifications diff\u00e9rentes (plein tarif, tarifs r\u00e9duits, gratuit\u00e9).\r\n\r\nA titre d\u2019indication, la gratuit\u00e9 des collections permanentes des mus\u00e9es nationaux est accord\u00e9e aux jeunes de moins de 26 ans ressortissants de l\u2019Union europ\u00e9enne. Pour les \u00e9tablissements membres des Mus\u00e9es de la Ville de Paris, l\u2019acc\u00e8s aux collections permanentes est gratuit pour tous les publics.\r\n\r\nLes deux premi\u00e8res aventures Cetus se d\u00e9roulent au mus\u00e9e du Louvre, pour consulter toutes les conditions de gratuit\u00e9\u00a0: <a href=\"https:\/\/www.louvre.fr\/visiter\/horaires-tarifs#conditions-de-gratuite\">https:\/\/www.louvre.fr\/visiter\/horaires-tarifs#conditions-de-gratuite<\/a><\/div><\/li><li class=\"accordion__item \"><div class=\"accordion__header \" data-id=\"post-1756\" data-item=\"hfaq-post-1756\" style=\"background:transparent;\" data-tags=\"\"><div class=\"accordion__title\">Que faire si je me suis tromp\u00e9 en s\u00e9lectionnant mes billets d\u2019entr\u00e9e au mus\u00e9e au moment de la r\u00e9servation ?<\/div><\/div><div class=\"accordion__body\" style=\"background:transparent;\">Contactez-nous d\u00e8s que possible.\r\n\r\nSi vous n\u2019avez pas s\u00e9lectionn\u00e9 la bonne cat\u00e9gorie de billet d\u2019entr\u00e9e ou s\u2019il vous manque des billets d\u2019entr\u00e9e, nous pouvons modifier ou compl\u00e9ter votre commande \u00e0 condition que le cr\u00e9neau horaire du mus\u00e9e concern\u00e9 ne soit pas complet.\r\n\r\nSi vous avez s\u00e9lectionn\u00e9 un ou des billets Plein Tarif en trop, nous ne pourrons malheureusement pas vous en rembourser le montant.<\/div><\/li><li class=\"accordion__item \"><div class=\"accordion__header \" data-id=\"post-1757\" data-item=\"hfaq-post-1757\" style=\"background:transparent;\" data-tags=\"\"><div class=\"accordion__title\">Peut-on modifier le nombre de joueurs apr\u00e8s la r\u00e9servation ?<\/div><\/div><div class=\"accordion__body\" style=\"background:transparent;\">Contactez-nous d\u00e8s que possible.\r\n\r\nSi vous souhaitez ajouter des joueurs \u00e0 votre session, nous pouvons compl\u00e9ter votre commande \u00e0 condition que le nombre total de joueur ne d\u00e9passe pas 6 personnes et que le cr\u00e9neau horaire du mus\u00e9e concern\u00e9 ne soit pas complet.\r\n\r\nSi un ou plusieurs joueurs de votre session ne peuvent finalement pas venir, nous ne pourrons malheureusement pas vous rembourser le montant des billets Plein Tarif.<\/div><\/li><\/ul><\/div><\/div><\/article><\/section>\n\n\n\n<div style=\"height:73px\" aria-hidden=\"true\" class=\" wp-block-spacer eplus-wrapper\"><\/div>\n\n\n\n<h2 class=\" wp-block-heading has-text-align-center has-nv-site-bg-color has-text-color eplus-wrapper\">Vous avez d&rsquo;autres questions ?<\/h2>\n\n\n\n<div class=\" wp-block-buttons eplus-wrapper is-content-justification-center is-layout-flex wp-container-core-buttons-is-layout-1 wp-block-buttons-is-layout-flex\">\n<div class=\"is-style-primary wp-block-button eplus-wrapper\"><a class=\"wp-block-button__link wp-element-button\" href=\"https:\/\/ateliercetus.com\/?page_id=15\" target=\"_blank\" rel=\"noreferrer noopener\">Contactez-nous<\/a><\/div>\n<\/div>\n<\/div>\n<\/div>\n<\/div><\/div>\n","protected":false},"excerpt":{"rendered":"","protected":false},"author":1,"featured_media":0,"parent":0,"menu_order":0,"comment_status":"closed","ping_status":"closed","template":"","meta":{"_monsterinsights_skip_tracking":false,"_monsterinsights_sitenote_active":false,"_monsterinsights_sitenote_note":"","_monsterinsights_sitenote_category":0,"neve_meta_sidebar":"","neve_meta_container":"","neve_meta_enable_content_width":"","neve_meta_content_width":0,"neve_meta_title_alignment":"","neve_meta_author_avatar":"","neve_post_elements_order":"","neve_meta_disable_header":"","neve_meta_disable_footer":"","neve_meta_disable_title":"","footnotes":""},"class_list":["post-1758","page","type-page","status-publish","hentry"],"aioseo_notices":[],"_links":{"self":[{"href":"https:\/\/ateliercetus.com\/index.php?rest_route=\/wp\/v2\/pages\/1758"}],"collection":[{"href":"https:\/\/ateliercetus.com\/index.php?rest_route=\/wp\/v2\/pages"}],"about":[{"href":"https:\/\/ateliercetus.com\/index.php?rest_route=\/wp\/v2\/types\/page"}],"author":[{"embeddable":true,"href":"https:\/\/ateliercetus.com\/index.php?rest_route=\/wp\/v2\/users\/1"}],"replies":[{"embeddable":true,"href":"https:\/\/ateliercetus.com\/index.php?rest_route=%2Fwp%2Fv2%2Fcomments&post=1758"}],"version-history":[{"count":6,"href":"https:\/\/ateliercetus.com\/index.php?rest_route=\/wp\/v2\/pages\/1758\/revisions"}],"predecessor-version":[{"id":2171,"href":"https:\/\/ateliercetus.com\/index.php?rest_route=\/wp\/v2\/pages\/1758\/revisions\/2171"}],"wp:attachment":[{"href":"https:\/\/ateliercetus.com\/index.php?rest_route=%2Fwp%2Fv2%2Fmedia&parent=1758"}],"curies":[{"name":"wp","href":"https:\/\/api.w.org\/{rel}","templated":true}]}}