{"id":3460,"date":"2024-10-03T14:29:03","date_gmt":"2024-10-03T12:29:03","guid":{"rendered":"https:\/\/ateliercetus.com\/?page_id=3460"},"modified":"2024-10-03T15:30:03","modified_gmt":"2024-10-03T13:30:03","slug":"politique-de-confidentialite-2","status":"publish","type":"page","link":"https:\/\/ateliercetus.com\/?page_id=3460","title":{"rendered":"Politique de Confidentialit\u00e9"},"content":{"rendered":"\t\t<div data-elementor-type=\"wp-page\" data-elementor-id=\"3460\" class=\"elementor elementor-3460\">\n\t\t\t\t<div class=\"elementor-element elementor-element-ed25402 e-flex e-con-boxed e-con e-parent\" data-id=\"ed25402\" data-element_type=\"container\" data-settings=\"{&quot;background_background&quot;:&quot;classic&quot;}\">\n\t\t\t\t\t<div class=\"e-con-inner\">\n\t\t\t\t<div class=\"elementor-element elementor-element-c10c8e8 elementor-widget elementor-widget-heading\" data-id=\"c10c8e8\" data-element_type=\"widget\" data-widget_type=\"heading.default\">\n\t\t\t\t<div class=\"elementor-widget-container\">\n\t\t\t<style>\/*! elementor - v3.23.0 - 05-08-2024 *\/\n.elementor-heading-title{padding:0;margin:0;line-height:1}.elementor-widget-heading .elementor-heading-title[class*=elementor-size-]>a{color:inherit;font-size:inherit;line-height:inherit}.elementor-widget-heading .elementor-heading-title.elementor-size-small{font-size:15px}.elementor-widget-heading .elementor-heading-title.elementor-size-medium{font-size:19px}.elementor-widget-heading .elementor-heading-title.elementor-size-large{font-size:29px}.elementor-widget-heading .elementor-heading-title.elementor-size-xl{font-size:39px}.elementor-widget-heading .elementor-heading-title.elementor-size-xxl{font-size:59px}<\/style><h2 class=\"elementor-heading-title elementor-size-default\">Politique de Confidentialit\u00e9<\/h2>\t\t<\/div>\n\t\t\t\t<\/div>\n\t\t\t\t<div class=\"elementor-element elementor-element-3aa0587 elementor-widget elementor-widget-text-editor\" data-id=\"3aa0587\" data-element_type=\"widget\" data-widget_type=\"text-editor.default\">\n\t\t\t\t<div class=\"elementor-widget-container\">\n\t\t\t<style>\/*! elementor - v3.23.0 - 05-08-2024 *\/\n.elementor-widget-text-editor.elementor-drop-cap-view-stacked .elementor-drop-cap{background-color:#69727d;color:#fff}.elementor-widget-text-editor.elementor-drop-cap-view-framed .elementor-drop-cap{color:#69727d;border:3px solid;background-color:transparent}.elementor-widget-text-editor:not(.elementor-drop-cap-view-default) .elementor-drop-cap{margin-top:8px}.elementor-widget-text-editor:not(.elementor-drop-cap-view-default) .elementor-drop-cap-letter{width:1em;height:1em}.elementor-widget-text-editor .elementor-drop-cap{float:left;text-align:center;line-height:1;font-size:50px}.elementor-widget-text-editor .elementor-drop-cap-letter{display:inline-block}<\/style>\t\t\t\t<p><strong>ARTICLE 1 \u2013 CONCEPT<\/strong><\/p><p>Atelier Cetus est un concept de jeu appartenant \u00e0 la soci\u00e9t\u00e9 CETUS SAS. La pr\u00e9sente politique de confidentialit\u00e9 est applicable \u00e0 tout contrat conclu entre (1) CETUS SAS et (2) les utilisateurs du dispositif, lesquels seront nomm\u00e9s \u00ab UTILISATEURS\u00bb ensuite ; qu\u2019ils aient r\u00e9serv\u00e9 personnellement ou qu\u2019ils fassent partie de l\u2019\u00e9quipe de la personne ayant effectu\u00e9 la r\u00e9servation, d\u00e9nomm\u00e9e ci-apr\u00e8s \u00ab L\u2019ACHETEUR \u00bb. Ces conditions s\u2019appliquent \u00e9galement quel que soit le moyen de r\u00e9servation, que celle-ci soit effectu\u00e9e via le site internet de CETUS SAS, nomm\u00e9 ci-apr\u00e8s \u00ab SITE INTERNET \u00bb ou aupr\u00e8s du personnel de CETUS SAS. Le contrat de service est nomm\u00e9 \u00ab CONTRAT \u00bb.\u00a0 La partie de jeu pour laquelle l\u2019ACHETEUR r\u00e9serve et paie sur le SITE INTERNET est appel\u00e9e \u00ab SESSION\u00bb, et les \u00e9l\u00e9ments du dispositif confi\u00e9 aux UTILISATEURS sont appel\u00e9s \u00ab\u00a0MATERIEL\u00a0\u00bb.<\/p><p>CETUS SAS se reconna\u00eet le droit de modifier ou faire modifier tout ou partie de la politique de confidentialit\u00e9 ainsi que le contenu de son SITE INTERNET (https:\/\/www.ateliercetus.com), ceci \u00e0 sa seule discr\u00e9tion, \u00e0 tout moment et sans pr\u00e9avis.<\/p><p>La politique de confidentialit\u00e9 de CETUS SAS est disponible sur le SITE INTERNET.<\/p><p><strong>ARTICLE 2 \u2013 NATURE DES DONN\u00c9ES PERSONNELLES RECUEILLIES <\/strong><\/p><p>Les donn\u00e9es personnelles que CETUS SAS recueille au sujet des ACHETEURS et UTILISATEURS peuvent inclure : leurs noms, adresses \u00e9lectroniques, adresses postales, num\u00e9ros de t\u00e9l\u00e9phone.<\/p><p>L\u2019ACHETEUR est responsable de l\u2019exactitude des informations saisies sur le formulaire de r\u00e9servation en ligne sur le SITE INTERNET.<\/p><p>Les informations li\u00e9es aux personnes de moins de 16 ans doivent \u00eatre remplies avec le consentement de leur responsable l\u00e9gal.<\/p><p><strong>ARTICLE 3 \u2013 POURQUOI NOUS RECUEILLONS CES DONN\u00c9ES PERSONNELLES<\/strong><\/p><p>L\u2019ACHETEUR renseignant les coordonn\u00e9es des autres UTILISATEURS (noms et pr\u00e9noms, num\u00e9ros de t\u00e9l\u00e9phone, adresses email) consent \u00e0 \u00eatre contact\u00e9 par CETUS SAS \u00e0 des fins logistiques (rappel de rendez-vous, notifications, informations, etc\u2026) ou commerciales (promotions, nouvelles offres, \u00e9v\u00e9nements, marketing, etc\u2026).<\/p><p>L\u2019ACHETEUR et\/ou l\u2019UTILISATEUR qui saisit ses coordonn\u00e9es t\u00e9l\u00e9phoniques sur le SITE INTERNET de CETUS SAS accepte d\u2019ores et d\u00e9j\u00e0 d\u2019\u00eatre contact\u00e9 par CETUS SAS et ce par t\u00e9l\u00e9phone ou SMS.<\/p><p>L\u2019ACHETEUR accepte de recevoir de la part de CETUS SAS des informations et offres commerciales sur son adresse email ou sur son t\u00e9l\u00e9phone mobile en cliquant sur la case d\u2019autorisation du SITE INTERNET.<\/p><p><strong>ARTICLE 4 \u2013 SUR QUELLE BASE L\u00c9GALE RECUEILLONS-NOUS CES DONN\u00c9ES PERSONNELLES<\/strong><\/p><p>L\u2019ACHETEUR ou UTILISATEUR reconna\u00eet lors de l\u2019achat avoir pris connaissance et accept\u00e9 les termes des CGU\/CGV ainsi que de la politique de confidentialit\u00e9, autorisant CETUS SAS \u00e0 recueillir ses donn\u00e9es personnelles.<\/p><p><strong>ARTICLE 5 \u2013 CARACT\u00c8RE OBLIGATOIRE OU FACULTATIF DU RECUEIL DES DONN\u00c9ES PERSONNELLES<\/strong><\/p><p>Tout achat ou r\u00e9servation effectu\u00e9 sur le SITE INTERNET n\u2019est possible qu\u2019\u00e0 condition de renseigner ces donn\u00e9es personnelles. Si toutefois l\u2019UTILISATEUR ou l\u2019ACHETEUR ne consentait pas \u00e0 fournir ces donn\u00e9es, il devrait alors contacter les \u00e9quipes de CETUS SAS afin de convenir d\u2019une solution alternative.<\/p><p><strong>ARTICLE 6 \u2013 DESTINATAIRE DES DONN\u00c9ES PERSONNELLES<\/strong><\/p><p>Ces donn\u00e9es personnelles sont recueillies \u00e0 la seule destination de CETUS SAS.<\/p><p>CETUS SAS s\u2019engage \u00e0 ne pas transmettre les donn\u00e9es personnelles de ses UTILISATEURS \u00e0 une soci\u00e9t\u00e9 ext\u00e9rieure, hors requ\u00eate d\u2019une autorit\u00e9 habilit\u00e9e par la loi et dans le cadre des dispositions l\u00e9gales en vigueur.<\/p><p>Seuls les personnels autoris\u00e9s sont en mesure d&rsquo;acc\u00e9der aux donn\u00e9es personnelles, et ils ne peuvent le faire qu&rsquo;\u00e0 des fins professionnelles l\u00e9gitimes. Par ailleurs, nous avons recours au chiffrement lors de la transmission de vos donn\u00e9es personnelles entre votre syst\u00e8me et le n\u00f4tre et entre notre syst\u00e8me et celui des parties avec lesquelles nous partageons des informations confidentielles.<\/p><p><strong>ARTICLE 7 \u2013 DUR\u00c9E DE CONSERVATION DES DONN\u00c9ES PERSONNELLES<\/strong><\/p><p>Les donn\u00e9es personnelles sont conserv\u00e9es uniquement aussi longtemps que cela est n\u00e9cessaire aux fins auxquelles elles sont recueillies, notamment la satisfaction de toute exigence l\u00e9gale ou comptable et de toute obligation l\u00e9gale de reddition des comptes. Les donn\u00e9es des clients sont conserv\u00e9es pendant le temps de la relation commerciale.<\/p><p>Ces donn\u00e9es peuvent \u00eatre conserv\u00e9es \u00e0 des fins de prospection commerciale au maximum pendant 3 ans \u00e0 compter de la fin de cette relation commerciale.<\/p><p><strong>ARTICLE 8 \u2013 DROITS DE L\u2019UTILISATEUR\/ACHETEUR<\/strong><\/p><p>Vous pouvez disposer des droits suivants concernant vos donn\u00e9es personnelles :<\/p><p>Le droit de demander l&rsquo;acc\u00e8s \u00e0 vos donn\u00e9es personnelles. Cela vous permet de recevoir une copie des donn\u00e9es personnelles que nous d\u00e9tenons \u00e0 votre sujet et de v\u00e9rifier que nous les traitons conform\u00e9ment \u00e0 la loi.<\/p><p>Le droit de demander la correction de vos donn\u00e9es personnelles si elles sont inexactes. Vous pouvez \u00e9galement compl\u00e9ter les donn\u00e9es personnelles incompl\u00e8tes en notre possession, compte tenu des fins du traitement.<\/p><p>Le droit de demander la suppression de vos donn\u00e9es personnelles si vos donn\u00e9es personnelles ne sont plus n\u00e9cessaires aux fins auxquelles nous les avons recueillies ou trait\u00e9es<\/p><p>Conform\u00e9ment \u00e0 la loi vous pouvez demander votre inscription \u00e0 une liste d&rsquo;opposition au d\u00e9marchage t\u00e9l\u00e9phonique : <a href=\"https:\/\/www.bloctel.gouv.fr\/\">https:\/\/www.bloctel.gouv.fr\/<\/a><\/p><p><strong>ARTICLE 9 \u2013 DROIT DE R\u00c9CLAMATION AUPR\u00c8S DE LA CNIL <\/strong><\/p><p>Conform\u00e9ment \u00e0 l\u2019article 77 du RGPD\u00a0:<\/p><ol><li><em>Sans pr\u00e9judice de tout autre recours administratif ou juridictionnel, toute personne concern\u00e9e a le droit d&rsquo;introduire une r\u00e9clamation aupr\u00e8s d&rsquo;une autorit\u00e9 de contr\u00f4le, en particulier dans l&rsquo;\u00c9tat membre dans lequel se trouve sa r\u00e9sidence habituelle, son lieu de travail ou le lieu o\u00f9 la violation aurait \u00e9t\u00e9 commise, si elle consid\u00e8re que le traitement de donn\u00e9es \u00e0 caract\u00e8re personnel la concernant constitue une violation du pr\u00e9sent r\u00e8glement.<\/em><\/li><li><em>L&rsquo;autorit\u00e9 de contr\u00f4le aupr\u00e8s de laquelle la r\u00e9clamation a \u00e9t\u00e9 introduite informe l&rsquo;auteur de la r\u00e9clamation de l&rsquo;\u00e9tat d&rsquo;avancement et de l&rsquo;issue de la r\u00e9clamation, y compris de la possibilit\u00e9 d&rsquo;un recours juridictionnel en vertu de l&rsquo;article 78.<\/em><\/li><\/ol><p>\u00a0<\/p><p><strong>ARTICLE 10 \u2013 MOYEN DE CONTACTER CETUS SAS<\/strong><\/p><p>Pour toute question ou plainte concernant la fa\u00e7on dont CETUS SAS traite vos donn\u00e9es personnelles, veuillez prendre contact en envoyant un e-mail \u00e0 <a href=\"mailto:bonjour@ateliercetus.com\">bonjour@ateliercetus.com<\/a>.<\/p>\t\t\t\t\t\t<\/div>\n\t\t\t\t<\/div>\n\t\t\t\t\t<\/div>\n\t\t\t\t<\/div>\n\t\t\t\t<\/div>\n\t\t","protected":false},"excerpt":{"rendered":"<p>Politique de Confidentialit\u00e9 ARTICLE 1 \u2013 CONCEPT Atelier Cetus est un concept de jeu appartenant \u00e0 la soci\u00e9t\u00e9 CETUS SAS. La pr\u00e9sente politique de confidentialit\u00e9 est applicable \u00e0 tout contrat conclu entre (1) CETUS SAS et (2) les utilisateurs du dispositif, lesquels seront nomm\u00e9s \u00ab UTILISATEURS\u00bb ensuite ; qu\u2019ils aient r\u00e9serv\u00e9 personnellement ou qu\u2019ils fassent&hellip;&nbsp;<a href=\"https:\/\/ateliercetus.com\/?page_id=3460\" class=\"\" rel=\"bookmark\">Lire la suite &raquo;<span class=\"screen-reader-text\">Politique de Confidentialit\u00e9<\/span><\/a><\/p>\n","protected":false},"author":1,"featured_media":0,"parent":0,"menu_order":0,"comment_status":"closed","ping_status":"closed","template":"page-templates\/template-pagebuilder-full-width.php","meta":{"_monsterinsights_skip_tracking":false,"_monsterinsights_sitenote_active":false,"_monsterinsights_sitenote_note":"","_monsterinsights_sitenote_category":0,"neve_meta_sidebar":"","neve_meta_container":"","neve_meta_enable_content_width":"","neve_meta_content_width":0,"neve_meta_title_alignment":"","neve_meta_author_avatar":"","neve_post_elements_order":"","neve_meta_disable_header":"","neve_meta_disable_footer":"","neve_meta_disable_title":"","footnotes":""},"class_list":["post-3460","page","type-page","status-publish","hentry"],"aioseo_notices":[],"_links":{"self":[{"href":"https:\/\/ateliercetus.com\/index.php?rest_route=\/wp\/v2\/pages\/3460"}],"collection":[{"href":"https:\/\/ateliercetus.com\/index.php?rest_route=\/wp\/v2\/pages"}],"about":[{"href":"https:\/\/ateliercetus.com\/index.php?rest_route=\/wp\/v2\/types\/page"}],"author":[{"embeddable":true,"href":"https:\/\/ateliercetus.com\/index.php?rest_route=\/wp\/v2\/users\/1"}],"replies":[{"embeddable":true,"href":"https:\/\/ateliercetus.com\/index.php?rest_route=%2Fwp%2Fv2%2Fcomments&post=3460"}],"version-history":[{"count":7,"href":"https:\/\/ateliercetus.com\/index.php?rest_route=\/wp\/v2\/pages\/3460\/revisions"}],"predecessor-version":[{"id":3493,"href":"https:\/\/ateliercetus.com\/index.php?rest_route=\/wp\/v2\/pages\/3460\/revisions\/3493"}],"wp:attachment":[{"href":"https:\/\/ateliercetus.com\/index.php?rest_route=%2Fwp%2Fv2%2Fmedia&parent=3460"}],"curies":[{"name":"wp","href":"https:\/\/api.w.org\/{rel}","templated":true}]}}